{"id":143,"date":"2019-03-18T23:15:43","date_gmt":"2019-03-18T22:15:43","guid":{"rendered":"http:\/\/rampelysfestivalen.no\/?page_id=143"},"modified":"2022-03-22T10:20:08","modified_gmt":"2022-03-22T09:20:08","slug":"turbin","status":"publish","type":"page","link":"https:\/\/osloung.no\/2019\/turbin\/","title":{"rendered":"03 TURBIN"},"content":{"rendered":"<div id=\"cs-content\" class=\"cs-content\"><\/div>\n","protected":false},"excerpt":{"rendered":"<p>TURBIN Det magiske bildet L\u00f8rdag 4. mai kl. 12:00S\u00f8ndag 5. mai kl. 18:30En vennegjeng f\u00e5r vite at maleriet Skrik en gang har smilt. Maleriet er magisk! Dette synes vennegjengen er s\u00e5 spennende, at de velger \u00e5 dra for \u00e5 sjekke det ut selv. Men klarer de \u00e5 f\u00e5 maleriet til \u00e5 smile igjen? Eller er alt bare juks og fanteri? &#8230;<\/p>\n","protected":false},"author":1,"featured_media":0,"parent":0,"menu_order":0,"comment_status":"closed","ping_status":"closed","template":"","meta":{"footnotes":""},"class_list":["post-143","page","type-page","status-publish","hentry","no-post-thumbnail"],"_links":{"self":[{"href":"https:\/\/osloung.no\/2019\/wp-json\/wp\/v2\/pages\/143","targetHints":{"allow":["GET"]}}],"collection":[{"href":"https:\/\/osloung.no\/2019\/wp-json\/wp\/v2\/pages"}],"about":[{"href":"https:\/\/osloung.no\/2019\/wp-json\/wp\/v2\/types\/page"}],"author":[{"embeddable":true,"href":"https:\/\/osloung.no\/2019\/wp-json\/wp\/v2\/users\/1"}],"replies":[{"embeddable":true,"href":"https:\/\/osloung.no\/2019\/wp-json\/wp\/v2\/comments?post=143"}],"version-history":[{"count":15,"href":"https:\/\/osloung.no\/2019\/wp-json\/wp\/v2\/pages\/143\/revisions"}],"predecessor-version":[{"id":502,"href":"https:\/\/osloung.no\/2019\/wp-json\/wp\/v2\/pages\/143\/revisions\/502"}],"wp:attachment":[{"href":"https:\/\/osloung.no\/2019\/wp-json\/wp\/v2\/media?parent=143"}],"curies":[{"name":"wp","href":"https:\/\/api.w.org\/{rel}","templated":true}]}}