{"id":171,"date":"2019-03-20T10:02:20","date_gmt":"2019-03-20T09:02:20","guid":{"rendered":"http:\/\/rampelysfestivalen.no\/?page_id=171"},"modified":"2022-03-22T10:20:51","modified_gmt":"2022-03-22T09:20:51","slug":"rogalandteater","status":"publish","type":"page","link":"https:\/\/osloung.no\/2019\/rogalandteater\/","title":{"rendered":"04 ROGALANDTEATER"},"content":{"rendered":"<div id=\"cs-content\" class=\"cs-content\"><\/div>\n","protected":false},"excerpt":{"rendered":"<p>BARNE- OG UNGDOMSTEATRET VED ROGALAND TEATER T\u00f8ff i pysjamas L\u00f8rdag 4. mai kl. 14:00Ten\u00e5ringen Odd er avstandsforelsket i Sigrid fra skolen, den fineste jenta i universet. Sigrid skulle \u00f8nske hun var t\u00f8ffere, for hun er nemlig avstandsforelsket i Odd. Dette f\u00f8rer ingen vei, s\u00e5 derfor beslutter de 9-\u00e5rige selverkl\u00e6rte \u00abeksperter p\u00e5 kj\u00e6rlighet\u00bb, Wenche, \u00c5se og Nico \u00e5 hjelpe. De pr\u00f8ver &#8230;<\/p>\n","protected":false},"author":1,"featured_media":0,"parent":0,"menu_order":0,"comment_status":"closed","ping_status":"closed","template":"","meta":{"footnotes":""},"class_list":["post-171","page","type-page","status-publish","hentry","no-post-thumbnail"],"_links":{"self":[{"href":"https:\/\/osloung.no\/2019\/wp-json\/wp\/v2\/pages\/171","targetHints":{"allow":["GET"]}}],"collection":[{"href":"https:\/\/osloung.no\/2019\/wp-json\/wp\/v2\/pages"}],"about":[{"href":"https:\/\/osloung.no\/2019\/wp-json\/wp\/v2\/types\/page"}],"author":[{"embeddable":true,"href":"https:\/\/osloung.no\/2019\/wp-json\/wp\/v2\/users\/1"}],"replies":[{"embeddable":true,"href":"https:\/\/osloung.no\/2019\/wp-json\/wp\/v2\/comments?post=171"}],"version-history":[{"count":4,"href":"https:\/\/osloung.no\/2019\/wp-json\/wp\/v2\/pages\/171\/revisions"}],"predecessor-version":[{"id":503,"href":"https:\/\/osloung.no\/2019\/wp-json\/wp\/v2\/pages\/171\/revisions\/503"}],"wp:attachment":[{"href":"https:\/\/osloung.no\/2019\/wp-json\/wp\/v2\/media?parent=171"}],"curies":[{"name":"wp","href":"https:\/\/api.w.org\/{rel}","templated":true}]}}