{"id":179,"date":"2019-03-20T10:31:30","date_gmt":"2019-03-20T09:31:30","guid":{"rendered":"http:\/\/rampelysfestivalen.no\/?page_id=179"},"modified":"2022-03-22T10:21:20","modified_gmt":"2022-03-22T09:21:20","slug":"supergruppa","status":"publish","type":"page","link":"https:\/\/osloung.no\/2019\/supergruppa\/","title":{"rendered":"05 SUPERGRUPPA"},"content":{"rendered":"<div id=\"cs-content\" class=\"cs-content\"><\/div>\n","protected":false},"excerpt":{"rendered":"<p>SUPERGRUPPA Alice i underverden L\u00f8rdag 4. mai kl. 19:30Alice Zakkariasen er savnet fra sitt liv. I stedet dukker hun opp i underverdenen og m\u00f8ter ulike vesener som alle forteller henne at noe er feil med henne. H\u00e5ret, ansiktet, alt m\u00e5 endres p\u00e5. Dette er en m\u00f8rk versjon av den kjente historien om Alice i Eventyrland. Her er det ogs\u00e5 humor, &#8230;<\/p>\n","protected":false},"author":1,"featured_media":0,"parent":0,"menu_order":0,"comment_status":"closed","ping_status":"closed","template":"","meta":{"footnotes":""},"class_list":["post-179","page","type-page","status-publish","hentry","no-post-thumbnail"],"_links":{"self":[{"href":"https:\/\/osloung.no\/2019\/wp-json\/wp\/v2\/pages\/179","targetHints":{"allow":["GET"]}}],"collection":[{"href":"https:\/\/osloung.no\/2019\/wp-json\/wp\/v2\/pages"}],"about":[{"href":"https:\/\/osloung.no\/2019\/wp-json\/wp\/v2\/types\/page"}],"author":[{"embeddable":true,"href":"https:\/\/osloung.no\/2019\/wp-json\/wp\/v2\/users\/1"}],"replies":[{"embeddable":true,"href":"https:\/\/osloung.no\/2019\/wp-json\/wp\/v2\/comments?post=179"}],"version-history":[{"count":4,"href":"https:\/\/osloung.no\/2019\/wp-json\/wp\/v2\/pages\/179\/revisions"}],"predecessor-version":[{"id":504,"href":"https:\/\/osloung.no\/2019\/wp-json\/wp\/v2\/pages\/179\/revisions\/504"}],"wp:attachment":[{"href":"https:\/\/osloung.no\/2019\/wp-json\/wp\/v2\/media?parent=179"}],"curies":[{"name":"wp","href":"https:\/\/api.w.org\/{rel}","templated":true}]}}