{"id":183,"date":"2019-03-20T10:36:37","date_gmt":"2019-03-20T09:36:37","guid":{"rendered":"http:\/\/rampelysfestivalen.no\/?page_id=183"},"modified":"2022-03-22T10:21:49","modified_gmt":"2022-03-22T09:21:49","slug":"juba","status":"publish","type":"page","link":"https:\/\/osloung.no\/2019\/juba\/","title":{"rendered":"06 JUBA"},"content":{"rendered":"<div id=\"cs-content\" class=\"cs-content\"><\/div>\n","protected":false},"excerpt":{"rendered":"<p>JUBA Krumeluremysteriet S\u00f8ndag 5. mai kl. 12:30Et mystisk mysterium foreg\u00e5r i Hotell Lionhearts m\u00f8rke avkroker, og det haster med \u00e5 finne en l\u00f8sning. Hvem er \u00abX\u00bb som har skrevet til de tre agentene? Ledelsen har bestemt \u00e5 servere veganske kj\u00f8ttboller som kokken hater \u00e5 lage, og n\u00e5 er det funnet kakerester p\u00e5 do og glitter i gr\u00f8ten. Det klirrer og &#8230;<\/p>\n","protected":false},"author":1,"featured_media":0,"parent":0,"menu_order":0,"comment_status":"closed","ping_status":"closed","template":"","meta":{"footnotes":""},"class_list":["post-183","page","type-page","status-publish","hentry","no-post-thumbnail"],"_links":{"self":[{"href":"https:\/\/osloung.no\/2019\/wp-json\/wp\/v2\/pages\/183","targetHints":{"allow":["GET"]}}],"collection":[{"href":"https:\/\/osloung.no\/2019\/wp-json\/wp\/v2\/pages"}],"about":[{"href":"https:\/\/osloung.no\/2019\/wp-json\/wp\/v2\/types\/page"}],"author":[{"embeddable":true,"href":"https:\/\/osloung.no\/2019\/wp-json\/wp\/v2\/users\/1"}],"replies":[{"embeddable":true,"href":"https:\/\/osloung.no\/2019\/wp-json\/wp\/v2\/comments?post=183"}],"version-history":[{"count":4,"href":"https:\/\/osloung.no\/2019\/wp-json\/wp\/v2\/pages\/183\/revisions"}],"predecessor-version":[{"id":505,"href":"https:\/\/osloung.no\/2019\/wp-json\/wp\/v2\/pages\/183\/revisions\/505"}],"wp:attachment":[{"href":"https:\/\/osloung.no\/2019\/wp-json\/wp\/v2\/media?parent=183"}],"curies":[{"name":"wp","href":"https:\/\/api.w.org\/{rel}","templated":true}]}}