{"id":191,"date":"2019-03-20T10:48:20","date_gmt":"2019-03-20T09:48:20","guid":{"rendered":"http:\/\/rampelysfestivalen.no\/?page_id=191"},"modified":"2022-03-22T10:22:17","modified_gmt":"2022-03-22T09:22:17","slug":"proton","status":"publish","type":"page","link":"https:\/\/osloung.no\/2019\/proton\/","title":{"rendered":"07 PROTON"},"content":{"rendered":"<div id=\"cs-content\" class=\"cs-content\"><\/div>\n","protected":false},"excerpt":{"rendered":"<p>PROTON Teknokr\u00f8ll S\u00f8ndag 5. mai kl. 14:30Mandag 6. mai kl. 18:30En ambisi\u00f8s l\u00e6rer og en gal professor g\u00e5r sammen for \u00e5 lage en ny teknologisk oppfinnelse som skal brukes i klasserommet. Sammen \u00f8nsker de \u00e5 forandre skolesystemet ved hjelp av den nye oppfinnelsen som ingen egentlig vet hva er. I Teknokr\u00f8ll m\u00f8ter vi l\u00e6reren Fru Vims, professoren Emiretus Pottipantus, to &#8230;<\/p>\n","protected":false},"author":1,"featured_media":0,"parent":0,"menu_order":0,"comment_status":"closed","ping_status":"closed","template":"","meta":{"footnotes":""},"class_list":["post-191","page","type-page","status-publish","hentry","no-post-thumbnail"],"_links":{"self":[{"href":"https:\/\/osloung.no\/2019\/wp-json\/wp\/v2\/pages\/191","targetHints":{"allow":["GET"]}}],"collection":[{"href":"https:\/\/osloung.no\/2019\/wp-json\/wp\/v2\/pages"}],"about":[{"href":"https:\/\/osloung.no\/2019\/wp-json\/wp\/v2\/types\/page"}],"author":[{"embeddable":true,"href":"https:\/\/osloung.no\/2019\/wp-json\/wp\/v2\/users\/1"}],"replies":[{"embeddable":true,"href":"https:\/\/osloung.no\/2019\/wp-json\/wp\/v2\/comments?post=191"}],"version-history":[{"count":4,"href":"https:\/\/osloung.no\/2019\/wp-json\/wp\/v2\/pages\/191\/revisions"}],"predecessor-version":[{"id":506,"href":"https:\/\/osloung.no\/2019\/wp-json\/wp\/v2\/pages\/191\/revisions\/506"}],"wp:attachment":[{"href":"https:\/\/osloung.no\/2019\/wp-json\/wp\/v2\/media?parent=191"}],"curies":[{"name":"wp","href":"https:\/\/api.w.org\/{rel}","templated":true}]}}