{"id":225,"date":"2019-03-20T12:16:42","date_gmt":"2019-03-20T11:16:42","guid":{"rendered":"http:\/\/rampelysfestivalen.no\/?page_id=225"},"modified":"2022-03-22T10:30:16","modified_gmt":"2022-03-22T09:30:16","slug":"25watt","status":"publish","type":"page","link":"https:\/\/osloung.no\/2019\/25watt\/","title":{"rendered":"16 25 WATT"},"content":{"rendered":"<div id=\"cs-content\" class=\"cs-content\"><\/div>\n","protected":false},"excerpt":{"rendered":"<p>25 WATT Peer! Torsdag 9. mai kl. 20:30L\u00f8rdag 11. mai kl. 18:30Peer vil bli noe. Noe stort. Keiser, sannsynligvis. Dessverre er det ikke s\u00e5 mange andre enn Peer som er enige. Han blir banket opp av de andre i bygda. Kj\u00e6resten hans gifter seg med en annen. Og n\u00e5r han finner seg en ny viser det seg at hun er &#8230;<\/p>\n","protected":false},"author":1,"featured_media":0,"parent":0,"menu_order":0,"comment_status":"closed","ping_status":"closed","template":"","meta":{"footnotes":""},"class_list":["post-225","page","type-page","status-publish","hentry","no-post-thumbnail"],"_links":{"self":[{"href":"https:\/\/osloung.no\/2019\/wp-json\/wp\/v2\/pages\/225","targetHints":{"allow":["GET"]}}],"collection":[{"href":"https:\/\/osloung.no\/2019\/wp-json\/wp\/v2\/pages"}],"about":[{"href":"https:\/\/osloung.no\/2019\/wp-json\/wp\/v2\/types\/page"}],"author":[{"embeddable":true,"href":"https:\/\/osloung.no\/2019\/wp-json\/wp\/v2\/users\/1"}],"replies":[{"embeddable":true,"href":"https:\/\/osloung.no\/2019\/wp-json\/wp\/v2\/comments?post=225"}],"version-history":[{"count":4,"href":"https:\/\/osloung.no\/2019\/wp-json\/wp\/v2\/pages\/225\/revisions"}],"predecessor-version":[{"id":514,"href":"https:\/\/osloung.no\/2019\/wp-json\/wp\/v2\/pages\/225\/revisions\/514"}],"wp:attachment":[{"href":"https:\/\/osloung.no\/2019\/wp-json\/wp\/v2\/media?parent=225"}],"curies":[{"name":"wp","href":"https:\/\/api.w.org\/{rel}","templated":true}]}}