{"id":238,"date":"2019-03-20T13:57:32","date_gmt":"2019-03-20T12:57:32","guid":{"rendered":"http:\/\/rampelysfestivalen.no\/?page_id=238"},"modified":"2022-03-22T10:31:33","modified_gmt":"2022-03-22T09:31:33","slug":"sirkussmulene","status":"publish","type":"page","link":"https:\/\/osloung.no\/2019\/sirkussmulene\/","title":{"rendered":"19 SIRKUSSMULENE"},"content":{"rendered":"<div id=\"cs-content\" class=\"cs-content\"><\/div>\n","protected":false},"excerpt":{"rendered":"<p>SIRKUSSMULENE Supersmulene L\u00f8rdag 11. mai kl. 14:00S\u00f8ndag 12. mai kl. 17:00Oslo invaderes av aliens som bortf\u00f8rer og forvandler folk. Men heldigvis lever det noen helter skjult blant Oslos innbyggere. N\u00e5r Oslo blir angrepet, blir Sirkussmulene til Supersmulene! De tar sine kunster innen nysirkus i bruk for \u00e5 beskytte Oslos befolkning. Dette blir en heidundrende nysirkusforestilling med aliens, superhelter og mange &#8230;<\/p>\n","protected":false},"author":1,"featured_media":0,"parent":0,"menu_order":0,"comment_status":"closed","ping_status":"closed","template":"","meta":{"footnotes":""},"class_list":["post-238","page","type-page","status-publish","hentry","no-post-thumbnail"],"_links":{"self":[{"href":"https:\/\/osloung.no\/2019\/wp-json\/wp\/v2\/pages\/238","targetHints":{"allow":["GET"]}}],"collection":[{"href":"https:\/\/osloung.no\/2019\/wp-json\/wp\/v2\/pages"}],"about":[{"href":"https:\/\/osloung.no\/2019\/wp-json\/wp\/v2\/types\/page"}],"author":[{"embeddable":true,"href":"https:\/\/osloung.no\/2019\/wp-json\/wp\/v2\/users\/1"}],"replies":[{"embeddable":true,"href":"https:\/\/osloung.no\/2019\/wp-json\/wp\/v2\/comments?post=238"}],"version-history":[{"count":4,"href":"https:\/\/osloung.no\/2019\/wp-json\/wp\/v2\/pages\/238\/revisions"}],"predecessor-version":[{"id":517,"href":"https:\/\/osloung.no\/2019\/wp-json\/wp\/v2\/pages\/238\/revisions\/517"}],"wp:attachment":[{"href":"https:\/\/osloung.no\/2019\/wp-json\/wp\/v2\/media?parent=238"}],"curies":[{"name":"wp","href":"https:\/\/api.w.org\/{rel}","templated":true}]}}