{"id":243,"date":"2019-03-20T14:03:28","date_gmt":"2019-03-20T13:03:28","guid":{"rendered":"http:\/\/rampelysfestivalen.no\/?page_id=243"},"modified":"2022-03-22T10:32:02","modified_gmt":"2022-03-22T09:32:02","slug":"hoyspenten","status":"publish","type":"page","link":"https:\/\/osloung.no\/2019\/hoyspenten\/","title":{"rendered":"20 H\u00c3\u02dcYSPENTEN"},"content":{"rendered":"<div id=\"cs-content\" class=\"cs-content\"><\/div>\n","protected":false},"excerpt":{"rendered":"<p>H\u00d8YSPENTEN Dramadrama L\u00f8rdag 11. mai kl. 16:30S\u00f8ndag 12. mai kl. 12:30Det er ingen sp\u00f8k \u00e5 sette opp nyskrevet dramatikk. Det har teatergruppa som ansatte den lovende unge dramatikeren Albert Vangen f\u00e5tt erfare. Etter tre uker har de fortsatt kun f\u00e5tt lov til \u00e5 lese f\u00f8rste scene. En revolusjonerende ny regimetode, forsikrer regiss\u00f8ren. Det de ikke vet er at f\u00f8rste scene &#8230;<\/p>\n","protected":false},"author":1,"featured_media":0,"parent":0,"menu_order":0,"comment_status":"closed","ping_status":"closed","template":"","meta":{"footnotes":""},"class_list":["post-243","page","type-page","status-publish","hentry","no-post-thumbnail"],"_links":{"self":[{"href":"https:\/\/osloung.no\/2019\/wp-json\/wp\/v2\/pages\/243","targetHints":{"allow":["GET"]}}],"collection":[{"href":"https:\/\/osloung.no\/2019\/wp-json\/wp\/v2\/pages"}],"about":[{"href":"https:\/\/osloung.no\/2019\/wp-json\/wp\/v2\/types\/page"}],"author":[{"embeddable":true,"href":"https:\/\/osloung.no\/2019\/wp-json\/wp\/v2\/users\/1"}],"replies":[{"embeddable":true,"href":"https:\/\/osloung.no\/2019\/wp-json\/wp\/v2\/comments?post=243"}],"version-history":[{"count":5,"href":"https:\/\/osloung.no\/2019\/wp-json\/wp\/v2\/pages\/243\/revisions"}],"predecessor-version":[{"id":518,"href":"https:\/\/osloung.no\/2019\/wp-json\/wp\/v2\/pages\/243\/revisions\/518"}],"wp:attachment":[{"href":"https:\/\/osloung.no\/2019\/wp-json\/wp\/v2\/media?parent=243"}],"curies":[{"name":"wp","href":"https:\/\/api.w.org\/{rel}","templated":true}]}}