{"id":253,"date":"2019-03-20T14:13:26","date_gmt":"2019-03-20T13:13:26","guid":{"rendered":"http:\/\/rampelysfestivalen.no\/?page_id=253"},"modified":"2022-03-22T10:33:44","modified_gmt":"2022-03-22T09:33:44","slug":"nordicblack","status":"publish","type":"page","link":"https:\/\/osloung.no\/2019\/nordicblack\/","title":{"rendered":"22 NORDIC BLACK UNGDOMSGRUPPE"},"content":{"rendered":"<div id=\"cs-content\" class=\"cs-content\"><\/div>\n","protected":false},"excerpt":{"rendered":"<p>NORDIC BLACK UNGDOMSGRUPPE \u00c5 rope etter seg selv S\u00f8ndag 12. mai kl. 19:30Hva er egentlig ensomhet? Hvor alene g\u00e5r det an \u00e5 v\u00e6re i verden? Kan vi v\u00e6re alene selv om vi er sammen med andre? &#8211; Dette er noen av sp\u00f8rsm\u00e5lene Nordic Black Ungdoms stiller seg n\u00e5r de utforsker tematikken ensomhet. Foto: Nordic Black Theatre KJ\u00d8P BILLETT\u2026 NB: Deltagerpass &#8230;<\/p>\n","protected":false},"author":1,"featured_media":0,"parent":0,"menu_order":0,"comment_status":"closed","ping_status":"closed","template":"","meta":{"footnotes":""},"class_list":["post-253","page","type-page","status-publish","hentry","no-post-thumbnail"],"_links":{"self":[{"href":"https:\/\/osloung.no\/2019\/wp-json\/wp\/v2\/pages\/253","targetHints":{"allow":["GET"]}}],"collection":[{"href":"https:\/\/osloung.no\/2019\/wp-json\/wp\/v2\/pages"}],"about":[{"href":"https:\/\/osloung.no\/2019\/wp-json\/wp\/v2\/types\/page"}],"author":[{"embeddable":true,"href":"https:\/\/osloung.no\/2019\/wp-json\/wp\/v2\/users\/1"}],"replies":[{"embeddable":true,"href":"https:\/\/osloung.no\/2019\/wp-json\/wp\/v2\/comments?post=253"}],"version-history":[{"count":4,"href":"https:\/\/osloung.no\/2019\/wp-json\/wp\/v2\/pages\/253\/revisions"}],"predecessor-version":[{"id":520,"href":"https:\/\/osloung.no\/2019\/wp-json\/wp\/v2\/pages\/253\/revisions\/520"}],"wp:attachment":[{"href":"https:\/\/osloung.no\/2019\/wp-json\/wp\/v2\/media?parent=253"}],"curies":[{"name":"wp","href":"https:\/\/api.w.org\/{rel}","templated":true}]}}