{"id":436,"date":"2019-04-30T10:47:45","date_gmt":"2019-04-30T08:47:45","guid":{"rendered":"http:\/\/rampelysfestivalen.no\/?page_id=436"},"modified":"2022-03-22T10:36:24","modified_gmt":"2022-03-22T09:36:24","slug":"live-arts","status":"publish","type":"page","link":"https:\/\/osloung.no\/2019\/live-arts\/","title":{"rendered":"Live-Arts"},"content":{"rendered":"<div id=\"cs-content\" class=\"cs-content\"><\/div>\n","protected":false},"excerpt":{"rendered":"<p>SONDRE M\u00c6LAND &#038; KATARINA CAPSERSEN Live-Arts Onsdag 8. mai kl. 20:00 i foajeenScenekunst+ Unge lovende-aftenMusiker Sondre M\u00e6land og live-tegner Katarina Caspersen setter stemningen for kvelden, n\u00e5r de kombinerer sine kreative krefter. Sondre M\u00e6land Med bakgrunn som musiker i en rekke flerkulturelle og interdisiplin\u00e6re kunstprosjekter har M\u00e6land satt sammen et variert materiale som fungerer som bakteppe for Caspersen sin videokunst denne &#8230;<\/p>\n","protected":false},"author":1,"featured_media":0,"parent":0,"menu_order":0,"comment_status":"closed","ping_status":"closed","template":"","meta":{"footnotes":""},"class_list":["post-436","page","type-page","status-publish","hentry","no-post-thumbnail"],"_links":{"self":[{"href":"https:\/\/osloung.no\/2019\/wp-json\/wp\/v2\/pages\/436","targetHints":{"allow":["GET"]}}],"collection":[{"href":"https:\/\/osloung.no\/2019\/wp-json\/wp\/v2\/pages"}],"about":[{"href":"https:\/\/osloung.no\/2019\/wp-json\/wp\/v2\/types\/page"}],"author":[{"embeddable":true,"href":"https:\/\/osloung.no\/2019\/wp-json\/wp\/v2\/users\/1"}],"replies":[{"embeddable":true,"href":"https:\/\/osloung.no\/2019\/wp-json\/wp\/v2\/comments?post=436"}],"version-history":[{"count":4,"href":"https:\/\/osloung.no\/2019\/wp-json\/wp\/v2\/pages\/436\/revisions"}],"predecessor-version":[{"id":521,"href":"https:\/\/osloung.no\/2019\/wp-json\/wp\/v2\/pages\/436\/revisions\/521"}],"wp:attachment":[{"href":"https:\/\/osloung.no\/2019\/wp-json\/wp\/v2\/media?parent=436"}],"curies":[{"name":"wp","href":"https:\/\/api.w.org\/{rel}","templated":true}]}}