{"id":187,"date":"2019-03-20T10:42:41","date_gmt":"2019-03-20T09:42:41","guid":{"rendered":"http:\/\/rampelysfestivalen.no\/?page_id=187"},"modified":"2020-10-28T22:01:08","modified_gmt":"2020-10-28T21:01:08","slug":"svakstrommen","status":"publish","type":"page","link":"https:\/\/osloung.no\/2020\/svakstrommen\/","title":{"rendered":"08 SVAKSTR\u00c3\u02dcMMEN"},"content":{"rendered":"<div id=\"cs-content\" class=\"cs-content\"><\/div>\n","protected":false},"excerpt":{"rendered":"<p>SVAKSTR\u00d8MMEN Fexit S\u00f8ndag 1. november kl. 15:03Fexit heter forestilllingen fra Svakstr\u00f8mmen i \u00e5r. Fexit handler om \u00e5 finne en exit n\u00e5r man ikke f\u00e5r v\u00e6re den man er \u2013 enten som kokk, gutt, konge, aupair eller prinsesse. Trenger man \u00e5 v\u00e6re en jente? \u2013 kan man ikke bare v\u00e6re en jente hvis det er det man er? Svakstr\u00f8mmen finner seg &#8230;<\/p>\n","protected":false},"author":1,"featured_media":0,"parent":0,"menu_order":0,"comment_status":"closed","ping_status":"closed","template":"template-blank-4.php","meta":{"footnotes":""},"class_list":["post-187","page","type-page","status-publish","hentry","no-post-thumbnail"],"_links":{"self":[{"href":"https:\/\/osloung.no\/2020\/wp-json\/wp\/v2\/pages\/187","targetHints":{"allow":["GET"]}}],"collection":[{"href":"https:\/\/osloung.no\/2020\/wp-json\/wp\/v2\/pages"}],"about":[{"href":"https:\/\/osloung.no\/2020\/wp-json\/wp\/v2\/types\/page"}],"author":[{"embeddable":true,"href":"https:\/\/osloung.no\/2020\/wp-json\/wp\/v2\/users\/1"}],"replies":[{"embeddable":true,"href":"https:\/\/osloung.no\/2020\/wp-json\/wp\/v2\/comments?post=187"}],"version-history":[{"count":14,"href":"https:\/\/osloung.no\/2020\/wp-json\/wp\/v2\/pages\/187\/revisions"}],"predecessor-version":[{"id":1077,"href":"https:\/\/osloung.no\/2020\/wp-json\/wp\/v2\/pages\/187\/revisions\/1077"}],"wp:attachment":[{"href":"https:\/\/osloung.no\/2020\/wp-json\/wp\/v2\/media?parent=187"}],"curies":[{"name":"wp","href":"https:\/\/api.w.org\/{rel}","templated":true}]}}