{"id":191,"date":"2019-03-20T10:48:20","date_gmt":"2019-03-20T09:48:20","guid":{"rendered":"http:\/\/rampelysfestivalen.no\/?page_id=191"},"modified":"2020-10-31T11:07:08","modified_gmt":"2020-10-31T10:07:08","slug":"proton","status":"publish","type":"page","link":"https:\/\/osloung.no\/2020\/proton\/","title":{"rendered":"07 PROTON"},"content":{"rendered":"<div id=\"cs-content\" class=\"cs-content\"><\/div>\n","protected":false},"excerpt":{"rendered":"<p>PROTON Lover dere \u00e5 hjelpe oss? L\u00f8rdag 31. oktober kl. 16:15-15 min. 6 \u00e5r + Regi Thea WiigPROTON Lover dere \u00c3\u00a5 hjelpe oss? L\u00c3\u00b8rdag 31. oktober kl. 16:15 &#8211; 15 min. 6 \u00c3\u00a5r + Regi Thea Wiig<\/p>\n","protected":false},"author":1,"featured_media":0,"parent":0,"menu_order":0,"comment_status":"closed","ping_status":"closed","template":"template-blank-4.php","meta":{"footnotes":""},"class_list":["post-191","page","type-page","status-publish","hentry","no-post-thumbnail"],"_links":{"self":[{"href":"https:\/\/osloung.no\/2020\/wp-json\/wp\/v2\/pages\/191","targetHints":{"allow":["GET"]}}],"collection":[{"href":"https:\/\/osloung.no\/2020\/wp-json\/wp\/v2\/pages"}],"about":[{"href":"https:\/\/osloung.no\/2020\/wp-json\/wp\/v2\/types\/page"}],"author":[{"embeddable":true,"href":"https:\/\/osloung.no\/2020\/wp-json\/wp\/v2\/users\/1"}],"replies":[{"embeddable":true,"href":"https:\/\/osloung.no\/2020\/wp-json\/wp\/v2\/comments?post=191"}],"version-history":[{"count":12,"href":"https:\/\/osloung.no\/2020\/wp-json\/wp\/v2\/pages\/191\/revisions"}],"predecessor-version":[{"id":1115,"href":"https:\/\/osloung.no\/2020\/wp-json\/wp\/v2\/pages\/191\/revisions\/1115"}],"wp:attachment":[{"href":"https:\/\/osloung.no\/2020\/wp-json\/wp\/v2\/media?parent=191"}],"curies":[{"name":"wp","href":"https:\/\/api.w.org\/{rel}","templated":true}]}}