{"id":2,"date":"2019-03-13T15:05:47","date_gmt":"2019-03-13T14:05:47","guid":{"rendered":"http:\/\/kristoffereliassen.com\/rampelysfestivalen\/?page_id=2"},"modified":"2025-01-15T14:42:07","modified_gmt":"2025-01-15T13:42:07","slug":"2019-2","status":"publish","type":"page","link":"https:\/\/osloung.no\/2020\/","title":{"rendered":"Forside 2020"},"content":{"rendered":"<div id=\"cs-content\" class=\"cs-content\"><\/div>\n","protected":false},"excerpt":{"rendered":"<p>30 \u00c5R 1990-2020L\u00d8RDAG 31. OKTOBER OG S\u00d8NDAG 1. NOVEMBER Sted: Oslo teatersenter Foto: Kristoffer Eliassen30 \u00c5R 1990-2020L\u00d8RDAG 31. OKTOBER OG S\u00d8NDAG 1. NOVEMBER Oslo teatersenter Foto: Kristoffer EliassenP\u00c5 GRUNN AV KORONAPANDEMIEN VIL RAMPELYSFESTIVALEN 2020 BLI STR\u00d8MMET. ELEVER VED OSLO TEATERSKOLE OG DERES FORELDRE VIL F\u00c5 TILGANG TIL \u00c5 SE FESTIVALEN P\u00c5 NETT. TEATERGRUPPENE VED OSLO TEATERSKOLE VIL ST\u00c5 FOR \u00c5RETS &#8230;<\/p>\n","protected":false},"author":1,"featured_media":0,"parent":0,"menu_order":0,"comment_status":"closed","ping_status":"open","template":"template-blank-4.php","meta":{"footnotes":""},"class_list":["post-2","page","type-page","status-publish","hentry","no-post-thumbnail"],"_links":{"self":[{"href":"https:\/\/osloung.no\/2020\/wp-json\/wp\/v2\/pages\/2","targetHints":{"allow":["GET"]}}],"collection":[{"href":"https:\/\/osloung.no\/2020\/wp-json\/wp\/v2\/pages"}],"about":[{"href":"https:\/\/osloung.no\/2020\/wp-json\/wp\/v2\/types\/page"}],"author":[{"embeddable":true,"href":"https:\/\/osloung.no\/2020\/wp-json\/wp\/v2\/users\/1"}],"replies":[{"embeddable":true,"href":"https:\/\/osloung.no\/2020\/wp-json\/wp\/v2\/comments?post=2"}],"version-history":[{"count":577,"href":"https:\/\/osloung.no\/2020\/wp-json\/wp\/v2\/pages\/2\/revisions"}],"predecessor-version":[{"id":1199,"href":"https:\/\/osloung.no\/2020\/wp-json\/wp\/v2\/pages\/2\/revisions\/1199"}],"wp:attachment":[{"href":"https:\/\/osloung.no\/2020\/wp-json\/wp\/v2\/media?parent=2"}],"curies":[{"name":"wp","href":"https:\/\/api.w.org\/{rel}","templated":true}]}}