{"id":225,"date":"2019-03-20T12:16:42","date_gmt":"2019-03-20T11:16:42","guid":{"rendered":"http:\/\/rampelysfestivalen.no\/?page_id=225"},"modified":"2020-10-31T14:34:20","modified_gmt":"2020-10-31T13:34:20","slug":"25watt","status":"publish","type":"page","link":"https:\/\/osloung.no\/2020\/25watt\/","title":{"rendered":"16 25 WATT"},"content":{"rendered":"<div id=\"cs-content\" class=\"cs-content\"><\/div>\n","protected":false},"excerpt":{"rendered":"<p>25 WATT Utdrag fra &laquo;N\u00e5&raquo; (prolog) L\u00f8rdag 31. oktober kl. 17:27Dette er en smakebit p\u00e5 forestillingen 25 Watt har begynt \u00e5 jobbe med, som heter &laquo;N\u00e5&raquo;. I &laquo;N\u00e5&raquo; m\u00f8tes n\u00e5tid og fremtid; h\u00e5p, dr\u00f8mmer og frykter; vennskap, kj\u00e6rlighet og intriger i et fors\u00f8k p\u00e5 \u00e5 forst\u00e5 hva det er \u00e5 spille teater, \u00e5 leve et liv, \u00e5 v\u00e6re menneske.&raquo;5 min. &#8230;<\/p>\n","protected":false},"author":1,"featured_media":0,"parent":0,"menu_order":0,"comment_status":"closed","ping_status":"closed","template":"template-blank-4.php","meta":{"footnotes":""},"class_list":["post-225","page","type-page","status-publish","hentry","no-post-thumbnail"],"_links":{"self":[{"href":"https:\/\/osloung.no\/2020\/wp-json\/wp\/v2\/pages\/225","targetHints":{"allow":["GET"]}}],"collection":[{"href":"https:\/\/osloung.no\/2020\/wp-json\/wp\/v2\/pages"}],"about":[{"href":"https:\/\/osloung.no\/2020\/wp-json\/wp\/v2\/types\/page"}],"author":[{"embeddable":true,"href":"https:\/\/osloung.no\/2020\/wp-json\/wp\/v2\/users\/1"}],"replies":[{"embeddable":true,"href":"https:\/\/osloung.no\/2020\/wp-json\/wp\/v2\/comments?post=225"}],"version-history":[{"count":17,"href":"https:\/\/osloung.no\/2020\/wp-json\/wp\/v2\/pages\/225\/revisions"}],"predecessor-version":[{"id":1131,"href":"https:\/\/osloung.no\/2020\/wp-json\/wp\/v2\/pages\/225\/revisions\/1131"}],"wp:attachment":[{"href":"https:\/\/osloung.no\/2020\/wp-json\/wp\/v2\/media?parent=225"}],"curies":[{"name":"wp","href":"https:\/\/api.w.org\/{rel}","templated":true}]}}