{"id":243,"date":"2019-03-20T14:03:28","date_gmt":"2019-03-20T13:03:28","guid":{"rendered":"http:\/\/rampelysfestivalen.no\/?page_id=243"},"modified":"2020-10-31T10:59:29","modified_gmt":"2020-10-31T09:59:29","slug":"hoyspenten","status":"publish","type":"page","link":"https:\/\/osloung.no\/2020\/hoyspenten\/","title":{"rendered":"20 H\u00c3\u02dcYSPENTEN"},"content":{"rendered":"<div id=\"cs-content\" class=\"cs-content\"><\/div>\n","protected":false},"excerpt":{"rendered":"<p>H\u00d8YSPENTEN En folkefiende L\u00f8rdag 31. oktober kl. 15:02Henrik Ibsen skrev En folkefiende for 138 \u00e5r siden, men stykket er skremmende aktuelt i dag. Vi har satt handlingen til moderne tid, men beholdt det meste av den originale teksten. En lege oppdager at byens helsebringende bad i virkeligheten er forurenset &#8211; men vil de andre innbyggerne tro p\u00e5 at faren er &#8230;<\/p>\n","protected":false},"author":1,"featured_media":0,"parent":0,"menu_order":0,"comment_status":"closed","ping_status":"closed","template":"template-blank-4.php","meta":{"footnotes":""},"class_list":["post-243","page","type-page","status-publish","hentry","no-post-thumbnail"],"_links":{"self":[{"href":"https:\/\/osloung.no\/2020\/wp-json\/wp\/v2\/pages\/243","targetHints":{"allow":["GET"]}}],"collection":[{"href":"https:\/\/osloung.no\/2020\/wp-json\/wp\/v2\/pages"}],"about":[{"href":"https:\/\/osloung.no\/2020\/wp-json\/wp\/v2\/types\/page"}],"author":[{"embeddable":true,"href":"https:\/\/osloung.no\/2020\/wp-json\/wp\/v2\/users\/1"}],"replies":[{"embeddable":true,"href":"https:\/\/osloung.no\/2020\/wp-json\/wp\/v2\/comments?post=243"}],"version-history":[{"count":14,"href":"https:\/\/osloung.no\/2020\/wp-json\/wp\/v2\/pages\/243\/revisions"}],"predecessor-version":[{"id":1113,"href":"https:\/\/osloung.no\/2020\/wp-json\/wp\/v2\/pages\/243\/revisions\/1113"}],"wp:attachment":[{"href":"https:\/\/osloung.no\/2020\/wp-json\/wp\/v2\/media?parent=243"}],"curies":[{"name":"wp","href":"https:\/\/api.w.org\/{rel}","templated":true}]}}