{"id":682,"date":"2020-02-26T15:30:29","date_gmt":"2020-02-26T14:30:29","guid":{"rendered":"http:\/\/rampelysfestivalen.no\/actingforclimate\/"},"modified":"2020-11-01T10:03:52","modified_gmt":"2020-11-01T09:03:52","slug":"actingforclimate","status":"publish","type":"page","link":"https:\/\/osloung.no\/2020\/actingforclimate\/","title":{"rendered":"actingforclimate"},"content":{"rendered":"<div id=\"cs-content\" class=\"cs-content\"><\/div>\n","protected":false},"excerpt":{"rendered":"<p>ACTING FOR CLIMATE 10 Advices for Environmentalism Art Projects L\u00f8rdag 31. oktober kl. 17:20S\u00f8ndag 1. november kl. 17:31Nysirkuskompaniet Acting for Climate er internasjonalt anerkjent for sitt arbeide med \u00e5 kombinere scenekunst og milj\u00f8tematikk, og \u00e5 gj\u00f8re det inkluderende, inspirerende og g\u00f8y \u00e5 bidra til en b\u00e6rekraftig fremtid. Blant annet turnerte de Nord-Europa med seilskip sommeren 2019. Les mer: www.actingforclimate.com2 min.ACTING &#8230;<\/p>\n","protected":false},"author":1,"featured_media":0,"parent":0,"menu_order":0,"comment_status":"closed","ping_status":"closed","template":"template-blank-4.php","meta":{"footnotes":""},"class_list":["post-682","page","type-page","status-publish","hentry","no-post-thumbnail"],"_links":{"self":[{"href":"https:\/\/osloung.no\/2020\/wp-json\/wp\/v2\/pages\/682","targetHints":{"allow":["GET"]}}],"collection":[{"href":"https:\/\/osloung.no\/2020\/wp-json\/wp\/v2\/pages"}],"about":[{"href":"https:\/\/osloung.no\/2020\/wp-json\/wp\/v2\/types\/page"}],"author":[{"embeddable":true,"href":"https:\/\/osloung.no\/2020\/wp-json\/wp\/v2\/users\/1"}],"replies":[{"embeddable":true,"href":"https:\/\/osloung.no\/2020\/wp-json\/wp\/v2\/comments?post=682"}],"version-history":[{"count":13,"href":"https:\/\/osloung.no\/2020\/wp-json\/wp\/v2\/pages\/682\/revisions"}],"predecessor-version":[{"id":1135,"href":"https:\/\/osloung.no\/2020\/wp-json\/wp\/v2\/pages\/682\/revisions\/1135"}],"wp:attachment":[{"href":"https:\/\/osloung.no\/2020\/wp-json\/wp\/v2\/media?parent=682"}],"curies":[{"name":"wp","href":"https:\/\/api.w.org\/{rel}","templated":true}]}}