{"id":991,"date":"2020-10-14T09:32:58","date_gmt":"2020-10-14T07:32:58","guid":{"rendered":"https:\/\/rampelysfestivalen.no\/?page_id=991"},"modified":"2020-11-01T13:58:49","modified_gmt":"2020-11-01T12:58:49","slug":"rampedebatten","status":"publish","type":"page","link":"https:\/\/osloung.no\/2020\/rampedebatten\/","title":{"rendered":"rampedebatten"},"content":{"rendered":"<div id=\"cs-content\" class=\"cs-content\"><\/div>\n","protected":false},"excerpt":{"rendered":"<p>RAMPEDEBATTEN Debattprogram L\u00f8rdag 31. oktober kl. 16:55S\u00f8ndag 1. november kl. 17:02 (Reprise)Samtale med teatergruppen Acting for Climate. Hvordan v\u00e6re scenisk klimaaktivist? Acting for Climate p\u00e5 nett: www.actingforclimate.com28 min. RAMPEDEBATTEN Debattprogram L\u00c3\u00b8rdag 31. oktober kl. 16:55 S\u00c3\u00b8ndag 1. november kl. 17:02 (Reprise) Samtale med teatergruppen Acting for Climate. Hvordan v\u00c3\u00a6re scenisk klimaaktivist? Acting for Climate p\u00c3\u00a5 nett: www.actingforclimate.com 28 min.<\/p>\n","protected":false},"author":1,"featured_media":0,"parent":0,"menu_order":0,"comment_status":"closed","ping_status":"closed","template":"template-blank-4.php","meta":{"footnotes":""},"class_list":["post-991","page","type-page","status-publish","hentry","no-post-thumbnail"],"_links":{"self":[{"href":"https:\/\/osloung.no\/2020\/wp-json\/wp\/v2\/pages\/991","targetHints":{"allow":["GET"]}}],"collection":[{"href":"https:\/\/osloung.no\/2020\/wp-json\/wp\/v2\/pages"}],"about":[{"href":"https:\/\/osloung.no\/2020\/wp-json\/wp\/v2\/types\/page"}],"author":[{"embeddable":true,"href":"https:\/\/osloung.no\/2020\/wp-json\/wp\/v2\/users\/1"}],"replies":[{"embeddable":true,"href":"https:\/\/osloung.no\/2020\/wp-json\/wp\/v2\/comments?post=991"}],"version-history":[{"count":11,"href":"https:\/\/osloung.no\/2020\/wp-json\/wp\/v2\/pages\/991\/revisions"}],"predecessor-version":[{"id":1155,"href":"https:\/\/osloung.no\/2020\/wp-json\/wp\/v2\/pages\/991\/revisions\/1155"}],"wp:attachment":[{"href":"https:\/\/osloung.no\/2020\/wp-json\/wp\/v2\/media?parent=991"}],"curies":[{"name":"wp","href":"https:\/\/api.w.org\/{rel}","templated":true}]}}