{"id":29,"date":"2021-06-02T17:07:23","date_gmt":"2021-06-02T15:07:23","guid":{"rendered":"https:\/\/rampelysfestivalen.no\/info\/"},"modified":"2024-06-14T23:46:57","modified_gmt":"2024-06-14T21:46:57","slug":"info","status":"publish","type":"page","link":"https:\/\/osloung.no\/2021\/info\/","title":{"rendered":"info"},"content":{"rendered":"<div id=\"cs-content\" class=\"cs-content\"><\/div>\n","protected":false},"excerpt":{"rendered":"<p>RAMPEFILM | Rampelysfestivalen 2021 Cinemateket, l\u00f8rdag 12. juni 2021 Rampelysfestivalen er en nasjonal teaterfestival for og med barn og unge, og er Norges st\u00f8rste i sitt slag. Vanligvis foreg\u00e5r festivalen over 10 dager p\u00e5 v\u00e5ren, hvor over 200 barn og unge fra et titalls teatergrupper spiller p\u00e5 Vega Scene i Oslo. P\u00e5 grunn av koronapandemien er \u00e5rets Rampelysfestivalen en \u00e9ndags &#8230;<\/p>\n","protected":false},"author":1,"featured_media":0,"parent":0,"menu_order":0,"comment_status":"closed","ping_status":"closed","template":"template-blank-4.php","meta":{"footnotes":""},"class_list":["post-29","page","type-page","status-publish","hentry","no-post-thumbnail"],"_links":{"self":[{"href":"https:\/\/osloung.no\/2021\/wp-json\/wp\/v2\/pages\/29","targetHints":{"allow":["GET"]}}],"collection":[{"href":"https:\/\/osloung.no\/2021\/wp-json\/wp\/v2\/pages"}],"about":[{"href":"https:\/\/osloung.no\/2021\/wp-json\/wp\/v2\/types\/page"}],"author":[{"embeddable":true,"href":"https:\/\/osloung.no\/2021\/wp-json\/wp\/v2\/users\/1"}],"replies":[{"embeddable":true,"href":"https:\/\/osloung.no\/2021\/wp-json\/wp\/v2\/comments?post=29"}],"version-history":[{"count":22,"href":"https:\/\/osloung.no\/2021\/wp-json\/wp\/v2\/pages\/29\/revisions"}],"predecessor-version":[{"id":116,"href":"https:\/\/osloung.no\/2021\/wp-json\/wp\/v2\/pages\/29\/revisions\/116"}],"wp:attachment":[{"href":"https:\/\/osloung.no\/2021\/wp-json\/wp\/v2\/media?parent=29"}],"curies":[{"name":"wp","href":"https:\/\/api.w.org\/{rel}","templated":true}]}}