{"id":45,"date":"2021-06-02T21:02:49","date_gmt":"2021-06-02T19:02:49","guid":{"rendered":"https:\/\/rampelysfestivalen.no\/rampefilm\/"},"modified":"2021-06-12T21:06:09","modified_gmt":"2021-06-12T19:06:09","slug":"rampefilm","status":"publish","type":"page","link":"https:\/\/osloung.no\/2021\/rampefilm\/","title":{"rendered":"rampefilm"},"content":{"rendered":"<div id=\"cs-content\" class=\"cs-content\"><\/div>\n","protected":false},"excerpt":{"rendered":"<p>Se RampeFilm i reprise Transformator | ILU, T\u00f8yen Proton | Det forheksede barnehjem Lindeberg teatergruppe | Tanker p\u00e5 tur Kampen barne- og ungdomsteater | Alt ble bra Svakstr\u00f8mmen | Bohemian Rhapsody 25 Watt | N\u00e5 Ampere | Jorden rundt p\u00e5 80 dager Ninja | Si noe du aldri ville sagt H\u00f8yspenten | 19:06-19:59 Turbin | Alene sammen Nordic Black Ungdomsteater &#8230;<\/p>\n","protected":false},"author":1,"featured_media":0,"parent":0,"menu_order":0,"comment_status":"closed","ping_status":"closed","template":"template-blank-4.php","meta":{"footnotes":""},"class_list":["post-45","page","type-page","status-publish","hentry","no-post-thumbnail"],"_links":{"self":[{"href":"https:\/\/osloung.no\/2021\/wp-json\/wp\/v2\/pages\/45","targetHints":{"allow":["GET"]}}],"collection":[{"href":"https:\/\/osloung.no\/2021\/wp-json\/wp\/v2\/pages"}],"about":[{"href":"https:\/\/osloung.no\/2021\/wp-json\/wp\/v2\/types\/page"}],"author":[{"embeddable":true,"href":"https:\/\/osloung.no\/2021\/wp-json\/wp\/v2\/users\/1"}],"replies":[{"embeddable":true,"href":"https:\/\/osloung.no\/2021\/wp-json\/wp\/v2\/comments?post=45"}],"version-history":[{"count":26,"href":"https:\/\/osloung.no\/2021\/wp-json\/wp\/v2\/pages\/45\/revisions"}],"predecessor-version":[{"id":100,"href":"https:\/\/osloung.no\/2021\/wp-json\/wp\/v2\/pages\/45\/revisions\/100"}],"wp:attachment":[{"href":"https:\/\/osloung.no\/2021\/wp-json\/wp\/v2\/media?parent=45"}],"curies":[{"name":"wp","href":"https:\/\/api.w.org\/{rel}","templated":true}]}}