{"id":9,"date":"2022-02-17T10:32:07","date_gmt":"2022-02-17T09:32:07","guid":{"rendered":"http:\/\/osloung.no\/forside\/"},"modified":"2022-08-25T10:20:57","modified_gmt":"2022-08-25T08:20:57","slug":"forside","status":"publish","type":"page","link":"https:\/\/osloung.no\/2022\/","title":{"rendered":"forside"},"content":{"rendered":"<div id=\"cs-content\" class=\"cs-content\"><\/div>\n","protected":false},"excerpt":{"rendered":"<p>Takk for i \u00e5r! &#038;nbsp &#038;nbsp&#038;nbsp&#038;nbsp&#038;nbspVi sees igjen p\u00e5 Oslo ung i mai 2023!ProgramL\u00f8rdag 7. mai17:00 Festival\u00e5pningved styreleder i Oslo teatersenter, Joanna Magierecka17:15 Svakstr\u00f8mmenTid for Krumelur(Vandreteater)Svakstr\u00f8mmen inviterer p\u00e5 en reise i tid og rom for \u00e5 finne svaret p\u00e5 livets store g\u00e5te. Hvordan finne Krumelurepillen? P\u00e5 KrumeLeons 100-\u00e5rsdag m\u00f8tes gamle venner og s\u00e5 er tiden inne for et modig oppdrag &#8230; <a href=\"https:\/\/osloung.no\/2022\/\" class=\"more-link\">Read More<\/a><\/p>\n","protected":false},"author":1,"featured_media":0,"parent":0,"menu_order":0,"comment_status":"closed","ping_status":"closed","template":"template-blank-4.php","meta":{"footnotes":""},"class_list":["post-9","page","type-page","status-publish","hentry","no-post-thumbnail"],"_links":{"self":[{"href":"https:\/\/osloung.no\/2022\/wp-json\/wp\/v2\/pages\/9","targetHints":{"allow":["GET"]}}],"collection":[{"href":"https:\/\/osloung.no\/2022\/wp-json\/wp\/v2\/pages"}],"about":[{"href":"https:\/\/osloung.no\/2022\/wp-json\/wp\/v2\/types\/page"}],"author":[{"embeddable":true,"href":"https:\/\/osloung.no\/2022\/wp-json\/wp\/v2\/users\/1"}],"replies":[{"embeddable":true,"href":"https:\/\/osloung.no\/2022\/wp-json\/wp\/v2\/comments?post=9"}],"version-history":[{"count":135,"href":"https:\/\/osloung.no\/2022\/wp-json\/wp\/v2\/pages\/9\/revisions"}],"predecessor-version":[{"id":218,"href":"https:\/\/osloung.no\/2022\/wp-json\/wp\/v2\/pages\/9\/revisions\/218"}],"wp:attachment":[{"href":"https:\/\/osloung.no\/2022\/wp-json\/wp\/v2\/media?parent=9"}],"curies":[{"name":"wp","href":"https:\/\/api.w.org\/{rel}","templated":true}]}}