{"id":142,"date":"2024-04-10T11:06:17","date_gmt":"2024-04-10T09:06:17","guid":{"rendered":"https:\/\/osloung.no\/index.php\/ampere-4\/"},"modified":"2024-05-09T13:20:22","modified_gmt":"2024-05-09T11:20:22","slug":"proton","status":"publish","type":"page","link":"https:\/\/osloung.no\/2024\/proton\/","title":{"rendered":"Proton"},"content":{"rendered":"<div id=\"cs-content\" class=\"cs-content\"><div class=\"x-section e142-e1 m3y-0 m3y-1 m3y-2 m3y-3\"><div class=\"x-row x-container max width e142-e2 m3y-b m3y-c m3y-d m3y-e m3y-f m3y-j m3y-k\"><div class=\"x-row-inner\"><div class=\"x-col e142-e3 m3y-r\"><div class=\"x-text x-content e142-e4 m3y-s m3y-t m3y-u m3y-v\"><h2><span style=\"color: #ffffff;\">Proton<\/span><\/h2><\/div><\/div><\/div><\/div><\/div><div class=\"x-section e142-e5 m3y-0 m3y-3 m3y-4 m3y-5\"><div class=\"x-row x-container max width e142-e6 m3y-b m3y-c m3y-d m3y-e m3y-f m3y-j m3y-l\"><div class=\"x-row-inner\"><div class=\"x-col e142-e7 m3y-r\"><div class=\"x-text x-content e142-e8 m3y-s m3y-t m3y-u m3y-v\"><h5><span style=\"color: #ffffff;\">To forestillinger: Ampere spiller f\u00f8r Proton<\/span><\/h5><\/div><\/div><\/div><\/div><\/div><div class=\"x-section e142-e9 m3y-0 m3y-2 m3y-6 m3y-7 m3y-8\"><div class=\"x-row e142-e10 m3y-c m3y-d m3y-g m3y-h m3y-m m3y-n\"><div class=\"x-row-inner\"><div class=\"x-col e142-e11 m3y-r\"><span class=\"x-image e142-e12 m3y-13\"><img decoding=\"async\" src=\"https:\/\/osloung.no\/2024\/wp-content\/uploads\/2024\/04\/Ampere-0524.jpg\" width=\"2560\" height=\"1631\" alt=\"Image\" loading=\"lazy\"><\/span><\/div><\/div><\/div><\/div><div class=\"x-section e142-e13 m3y-0 m3y-2 m3y-3 m3y-4\"><div class=\"x-row x-container max width e142-e14 m3y-b m3y-c m3y-d m3y-e m3y-f m3y-j m3y-o\"><div class=\"x-row-inner\"><div class=\"x-col e142-e15 m3y-r\"><div class=\"x-text x-content e142-e16 m3y-s m3y-t m3y-u m3y-w\"><h3><em><span style=\"color: #ffffff;\">Bowlingrekorden<\/span><\/em><\/h3><\/div><\/div><\/div><\/div><\/div><div class=\"x-section e142-e17 m3y-0 m3y-3 m3y-6 m3y-7 m3y-9\"><div class=\"x-row x-container max width e142-e18 m3y-b m3y-c m3y-f m3y-i m3y-j m3y-p\"><div class=\"x-row-inner\"><div class=\"x-col e142-e19 m3y-r\"><div class=\"x-text x-content e142-e20 m3y-s m3y-t m3y-u m3y-w\"><span style=\"color: #666666;\"><strong>L\u00d8RDAG 1. JUNI KL. 17:00<\/strong><\/span><\/div><\/div><div class=\"x-col e142-e21 m3y-r\"><div class=\"x-text x-content e142-e22 m3y-s m3y-t m3y-u m3y-w\"><span style=\"color: #666666;\"><strong>S\u00d8NDAG 2. JUNI KL. 17:30<\/strong><\/span><\/div><\/div><\/div><\/div><\/div><div class=\"x-section e142-e23 m3y-0 m3y-3 m3y-6 m3y-9 m3y-a\"><div class=\"x-row e142-e24 m3y-b m3y-c m3y-d m3y-h m3y-m m3y-q\"><div class=\"x-row-inner\"><div class=\"x-col e142-e25 m3y-r\"><div class=\"x-grid x-container max width e142-e26 m3y-14\"><div class=\"x-cell e142-e27 m3y-15\"><div class=\"x-text x-content e142-e28 m3y-t m3y-u m3y-w m3y-x m3y-y m3y-z\"><p>Endelig er det helg og bowlinghallen fylles opp av unge og gamle, nye og kjente, som alle gleder seg til \u00e5 spille bowling og ha det g\u00f8y! Men, denne dagen skal ta en br\u00e5 vending da \u00e9n av spillerne blir funnet d\u00f8d, drept med kniv!<\/p>\n<p>Bli med n\u00e5r detektivene Larsen og Jensen etterforsker dette mordmysteriet, og oppdager at det er noen sprekker i bowlingidyllen. Historien tar oss med tilbake til 80-tallet, det blir kn\u00e6sje farger, spreke h\u00e5rfrisyrer og noen av de beste l\u00e5tene ti\u00e5ret har \u00e5 by p\u00e5.<\/p><\/div><\/div><div class=\"x-cell e142-e29 m3y-15\"><div class=\"x-text x-content e142-e30 m3y-t m3y-x m3y-y m3y-10 m3y-11\">KJ\u00d8P BILLETTER<\/div><a class=\"x-anchor x-anchor-button has-graphic e142-e31 m3y-16\" tabindex=\"0\" href=\"https:\/\/checkout.ebillett.no\/287\/events\/42527\/purchase\/setup?kanal=fw\" target=\"_blank\" rel=\"noopener noreferrer\"><div class=\"x-anchor-content\"><span class=\"x-graphic\" aria-hidden=\"true\"><i class=\"x-icon x-graphic-child x-graphic-icon x-graphic-primary\" aria-hidden=\"true\" data-x-icon-s=\"&#xf3ff;\"><\/i><\/span><div class=\"x-anchor-text\"><span class=\"x-anchor-text-primary\">L\u00d8RDAG 1. JUNI<\/span><\/div><\/div><\/a><a class=\"x-anchor x-anchor-button has-graphic e142-e32 m3y-16\" tabindex=\"0\" href=\"https:\/\/checkout.ebillett.no\/287\/events\/42528\/purchase\/setup?kanal=fw\" target=\"_blank\" rel=\"noopener noreferrer\"><div class=\"x-anchor-content\"><span class=\"x-graphic\" aria-hidden=\"true\"><i class=\"x-icon x-graphic-child x-graphic-icon x-graphic-primary\" aria-hidden=\"true\" data-x-icon-s=\"&#xf3ff;\"><\/i><\/span><div class=\"x-anchor-text\"><span class=\"x-anchor-text-primary\">S\u00d8NDAG 2. JUNI<\/span><\/div><\/div><\/a><div class=\"x-text x-content e142-e33 m3y-t m3y-u m3y-x m3y-z m3y-11 m3y-12\"><p><strong>30 minutter<\/strong><br \/><strong>Familieforestilling<\/strong><\/p><\/div><div class=\"x-text x-content e142-e34 m3y-t m3y-u m3y-x m3y-y m3y-z m3y-11\"><p><strong>Id&eacute; og innhold<\/strong><\/p><\/div><div class=\"x-text x-content e142-e35 m3y-t m3y-u m3y-w m3y-x m3y-z m3y-12\"><p><strong>Proton<\/strong><\/p><\/div><div class=\"x-text x-content e142-e36 m3y-t m3y-u m3y-x m3y-y m3y-z m3y-11\"><p><strong>Manus og regi<\/strong><\/p><\/div><div class=\"x-text x-content e142-e37 m3y-t m3y-u m3y-w m3y-x m3y-z m3y-12\"><p><strong>Kristine Grjotheim Bull<\/strong><\/p><\/div><div class=\"x-text x-content e142-e38 m3y-t m3y-u m3y-x m3y-y m3y-z m3y-11\"><p><strong>Skuespillere<\/strong><\/p><\/div><div class=\"x-text x-content e142-e39 m3y-t m3y-u m3y-w m3y-x m3y-z m3y-12\"><p>Jimmy: <br \/><strong>Amund Hagen<\/strong> <strong>Boker<\/strong> <\/p>\n<p>Vicky: <br \/><strong>Naomi Emilie<\/strong> <strong>Haltstrand<\/strong> <\/p>\n<p>Vivi: <br \/><strong>Jenny<\/strong> <strong>Bjerke<\/strong> <\/p>\n<p>Gloria: <br \/><strong>Signe Grieg-Cappelen<\/strong> <\/p>\n<p>Estelle: <br \/><strong>Sofia Caeiro Cruz<\/strong> <\/p>\n<p>Brita: <br \/><strong>Marte Holmgren<\/strong> <\/p>\n<p>Timmy: <br \/><strong>Isis Warnock<\/strong> <\/p>\n<p>Detektiv Larsen: <br \/><strong>Ingrid Wik<\/strong> <\/p>\n<p>Detektiv assistent Jensen: <br \/><strong>Signe Grieg-Cappelen<\/strong> <\/p>\n<p>Samantha: <br \/><strong>Nora Weber<\/strong> <\/p>\n<p>Annie: <br \/><strong>Ada Hardangen<br \/><\/strong><\/p>\n<p>Whitney: <br \/><strong>Helene Windju Thelle<\/strong><\/p><\/div><\/div><\/div><\/div><\/div><\/div><\/div><\/div>\n","protected":false},"excerpt":{"rendered":"<p>ProtonTo forestillinger: Ampere spiller f\u00f8r ProtonBowlingrekordenL\u00d8RDAG 1. JUNI KL. 17:00S\u00d8NDAG 2. JUNI KL. 17:30Endelig er det helg og bowlinghallen fylles opp av unge og gamle, nye og kjente, som alle gleder seg til \u00e5 spille bowling og ha det g\u00f8y! Men, denne dagen skal ta en br\u00e5 vending da \u00e9n av spillerne blir funnet d\u00f8d, drept med kniv! Bli med &#8230; <a href=\"https:\/\/osloung.no\/2024\/proton\/\" class=\"more-link\">Read More<\/a><\/p>\n","protected":false},"author":1,"featured_media":0,"parent":0,"menu_order":0,"comment_status":"closed","ping_status":"closed","template":"template-blank-4.php","meta":{"footnotes":""},"class_list":["post-142","page","type-page","status-publish","hentry","no-post-thumbnail"],"_links":{"self":[{"href":"https:\/\/osloung.no\/2024\/wp-json\/wp\/v2\/pages\/142","targetHints":{"allow":["GET"]}}],"collection":[{"href":"https:\/\/osloung.no\/2024\/wp-json\/wp\/v2\/pages"}],"about":[{"href":"https:\/\/osloung.no\/2024\/wp-json\/wp\/v2\/types\/page"}],"author":[{"embeddable":true,"href":"https:\/\/osloung.no\/2024\/wp-json\/wp\/v2\/users\/1"}],"replies":[{"embeddable":true,"href":"https:\/\/osloung.no\/2024\/wp-json\/wp\/v2\/comments?post=142"}],"version-history":[{"count":11,"href":"https:\/\/osloung.no\/2024\/wp-json\/wp\/v2\/pages\/142\/revisions"}],"predecessor-version":[{"id":459,"href":"https:\/\/osloung.no\/2024\/wp-json\/wp\/v2\/pages\/142\/revisions\/459"}],"wp:attachment":[{"href":"https:\/\/osloung.no\/2024\/wp-json\/wp\/v2\/media?parent=142"}],"curies":[{"name":"wp","href":"https:\/\/api.w.org\/{rel}","templated":true}]}}