{"id":508,"date":"2024-05-15T15:01:20","date_gmt":"2024-05-15T13:01:20","guid":{"rendered":"https:\/\/osloung.no\/?page_id=508"},"modified":"2024-05-26T13:38:06","modified_gmt":"2024-05-26T11:38:06","slug":"sidesnakk","status":"publish","type":"page","link":"https:\/\/osloung.no\/2024\/sidesnakk\/","title":{"rendered":"Sidesnakk"},"content":{"rendered":"<div id=\"cs-content\" class=\"cs-content\"><div class=\"x-section e508-e1 me4-0 me4-1\"><div class=\"x-row x-container max width e508-e2 me4-5 me4-6 me4-7\"><div class=\"x-row-inner\"><div class=\"x-col e508-e3 me4-b\"><div class=\"x-text x-content e508-e4 me4-c me4-d\"><p><strong>Under Oslo Ung vil det v&aelig;re tre fagsamtaler:<\/strong><br \/>L&oslash;r 25\/5 12:30 <a href=\"#sidesnakk1\">Sidesnakk om bruk av scenetekst i barneteater<\/a><br \/>S&oslash;n 26\/5 18:30 <a href=\"#sidesnakk2\">Sidesnakk om betydningen av &aring; drive med barneteater<\/a><br \/>Fre 31\/5 13:00 <a href=\"#sidesnakk3\">M&oslash;teplass om inkluderende ideer og inspirerende samarbeid<\/a><\/p><\/div><\/div><\/div><\/div><\/div><div class=\"x-section e508-e5 me4-0 me4-2\" id=\"sidesnakk1\"><div class=\"x-row x-container max width e508-e6 me4-5 me4-6 me4-8\"><div class=\"x-row-inner\"><div class=\"x-col e508-e7 me4-b\"><div class=\"x-text x-content e508-e8 me4-c me4-d\"><p><strong>L&oslash;rdag 25. mai kl. 12:30 - 13:30<br \/><\/strong>Sted: Teatersalen, Vega Scene<\/p><\/div><div class=\"x-text x-content e508-e9 me4-c me4-e\"><h4 style=\"font-weight: 400;\">Sidesnakk om bruk av scenetekst i barneteater<\/h4><\/div><div class=\"x-text x-content e508-e10 me4-c me4-d\"><div><span lang=\"NO-BOK\">Under denne Sidesnakken om bruk av scenetekst skal vi prate om hvordan det er &aring; lage teater som tar utgangspunkt i et ferdig manus, i motsetning til &aring; lage teater basert p&aring; en tekst man lager selv. I panelet sitter regiss&oslash;rene som har jobbet med &laquo;Nye m&aring;ter &aring; fly p&aring;&raquo; og ungdom som selv st&aring;r p&aring; scenen under festivalen. <\/span><\/div>\n<div>&nbsp;<\/div>\n<div><span lang=\"NO-BOK\">Samtalen skal dreie seg om hvordan det har v&aelig;rt &aring; jobbe med denne nye sceneteksten og verdien av &aring; lage sine egne tekster. Hva betyr det for skuespillerne &aring; f&aring; en ferdig skrevet rolle? Og hva betyr det for publikum at teksten er laget av de som st&aring;r p&aring; scenen og spiller selv?<\/span><\/div><\/div><\/div><\/div><\/div><\/div><div class=\"x-section e508-e11 me4-0 me4-2 me4-3\" id=\"sidesnakk2\"><div class=\"x-row x-container max width e508-e12 me4-5 me4-6 me4-9\"><div class=\"x-row-inner\"><div class=\"x-col e508-e13 me4-b\"><div class=\"x-text x-content e508-e14 me4-c me4-d\"><p><strong>S&oslash;ndag 26. mai kl. 18:30 - 19:15<br \/><\/strong>Sted: Salongen, Vega Scene<\/p><\/div><div class=\"x-text x-content e508-e15 me4-c me4-e\"><h4 style=\"font-weight: 400;\">Sidesnakk om betydningen av &aring; drive med barneteater<\/h4><\/div><div class=\"x-text x-content e508-e16 me4-c me4-d\"><p style=\"font-weight: 400;\">Svakstr\u00f8mmen har v\u00e6rt en teatergruppe ved Oslo teaterskole i ni \u00e5r, og etter \u00e5rets festival l\u00f8ses gruppa opp. Premieren de har sammen s\u00f8ndag 26. mai blir dere siste og denne Sidesnakken skal v\u00e6re en samtale om betydningen av \u00e5 drive med teater i barne- og ungdomstiden. Hva har det betydd for disse \u00e5 ha dette fellesskapet? Hva sitter de igjen med? Hva vil de savne? Og hva vil de ta med seg videre?<\/p>\n<p style=\"font-weight: 400;\">Til samtalen har vi ogs\u00e5 invitert Maja Christiansen, som i ungdomstiden selv var del av en teatergruppe og som n\u00e5 jobber som skuespiller innen film, TV og teater.<\/p><\/div><\/div><\/div><\/div><\/div><div class=\"x-section e508-e17 me4-0 me4-2 me4-4\" id=\"sidesnakk3\"><div class=\"x-row x-container max width e508-e18 me4-5 me4-6 me4-a\"><div class=\"x-row-inner\"><div class=\"x-col e508-e19 me4-b\"><div class=\"x-text x-content e508-e20 me4-c me4-d\"><p><strong>Fredag 31. mai kl. 13:00 - 14:00<br \/><\/strong>Sted: Salongen, Vega Scene<\/p><\/div><div class=\"x-text x-content e508-e21 me4-c me4-e\"><h4 style=\"font-weight: 400;\">M&oslash;teplass om inkluderende ideer og inspirerende samarbeid<\/h4><\/div><div class=\"x-text x-content e508-e22 me4-c me4-d\"><p style=\"font-weight: 400;\">M&aring;let med &ldquo;m&oslash;teplass&rdquo; er &aring; inspirere til nye samarbeid i det frivillige scenekunstfeltet, samt &aring; l&oslash;fte fram gode ideer inspirerende prosjekter. Feltet best&aring;r av organisasjoner med begrensede &oslash;konomiske ressurser og h&oslash;y kompetanse. Samarbeid kan v&aelig;re n&oslash;kkelen til &aring; n&aring; bedre ut enn vi enkeltvis klarer. M&oslash;teplassen skal v&aelig;re b&aring;de presentasjon av potensielle samarbeidsprosjekter, panelsamtale og nettverksbygging.<\/p>\n<p style=\"font-weight: 400;\">Vi &oslash;nsker &aring; fokusere p&aring; hvordan vi jobber for &aring; stimulere til &oslash;kt aktivitet og kvalitet i scenekunsten av, for og med barn og unge.&nbsp;<\/p>\n<p style=\"font-weight: 400;\">Organisasjonene som har prosjekter de &oslash;nsker presentere som mulige samarbeid f&aring;r hver 5 minutter til sine presentasjoner. Om man ikke har noe p&aring;g&aring;ende prosjekt, kan man delta i panelsamtale eller uformell samtale i etterkant av presentasjonsrunden. Dere er invitert til &aring; delta om dere har prosjekter under utvikling, prosjekter som kan ha flere samarbeidspartnere eller faglige oppgaver som dere gjerne vil ha et samarbeid med andre om. Etter presentasjonene er det faglig mingel.&nbsp;<\/p>\n<p style=\"font-weight: 400;\">Deltakelse er gratis. Du f&aring;r kaffe og te.<\/p><\/div><\/div><\/div><\/div><\/div><\/div>\n","protected":false},"excerpt":{"rendered":"<p>Under Oslo Ung vil det v&aelig;re tre fagsamtaler:L&oslash;r 25\/5 12:30 Sidesnakk om bruk av scenetekst i barneteaterS&oslash;n 26\/5 18:30 Sidesnakk om betydningen av &aring; drive med barneteaterFre 31\/5 13:00 M&oslash;teplass om inkluderende ideer og inspirerende samarbeidL&oslash;rdag 25. mai kl. 12:30 &#8211; 13:30Sted: Teatersalen, Vega SceneSidesnakk om bruk av scenetekst i barneteaterUnder denne Sidesnakken om bruk av scenetekst skal vi prate &#8230; <a href=\"https:\/\/osloung.no\/2024\/sidesnakk\/\" class=\"more-link\">Read More<\/a><\/p>\n","protected":false},"author":1,"featured_media":0,"parent":0,"menu_order":0,"comment_status":"closed","ping_status":"closed","template":"template-blank-4.php","meta":{"footnotes":""},"class_list":["post-508","page","type-page","status-publish","hentry","no-post-thumbnail"],"_links":{"self":[{"href":"https:\/\/osloung.no\/2024\/wp-json\/wp\/v2\/pages\/508","targetHints":{"allow":["GET"]}}],"collection":[{"href":"https:\/\/osloung.no\/2024\/wp-json\/wp\/v2\/pages"}],"about":[{"href":"https:\/\/osloung.no\/2024\/wp-json\/wp\/v2\/types\/page"}],"author":[{"embeddable":true,"href":"https:\/\/osloung.no\/2024\/wp-json\/wp\/v2\/users\/1"}],"replies":[{"embeddable":true,"href":"https:\/\/osloung.no\/2024\/wp-json\/wp\/v2\/comments?post=508"}],"version-history":[{"count":11,"href":"https:\/\/osloung.no\/2024\/wp-json\/wp\/v2\/pages\/508\/revisions"}],"predecessor-version":[{"id":527,"href":"https:\/\/osloung.no\/2024\/wp-json\/wp\/v2\/pages\/508\/revisions\/527"}],"wp:attachment":[{"href":"https:\/\/osloung.no\/2024\/wp-json\/wp\/v2\/media?parent=508"}],"curies":[{"name":"wp","href":"https:\/\/api.w.org\/{rel}","templated":true}]}}