{"id":533,"date":"2024-05-27T21:29:36","date_gmt":"2024-05-27T19:29:36","guid":{"rendered":"https:\/\/osloung.no\/?page_id=533"},"modified":"2024-05-27T21:35:36","modified_gmt":"2024-05-27T19:35:36","slug":"varsagod","status":"publish","type":"page","link":"https:\/\/osloung.no\/2024\/varsagod\/","title":{"rendered":"V\u00e6rs\u00e5god"},"content":{"rendered":"<div id=\"cs-content\" class=\"cs-content\"><div class=\"x-section e533-e1 met-0\"><div class=\"x-row x-container max width e533-e2 met-1 met-2\"><div class=\"x-row-inner\"><div class=\"x-col e533-e3 met-3\"><div class=\"x-text x-content e533-e4 met-4 met-5 met-6\"><strong>Tirsdag 28. mai kl. 18:00 - 19:30<\/strong><\/div><div class=\"x-text x-content e533-e5 met-4 met-5 met-7\"><h2>V\u00e6rs\u00e5god<\/h2><\/div><div class=\"x-grid e533-e6 met-9\"><div class=\"x-cell e533-e7 met-a\"><div class=\"x-text x-content e533-e8 met-4 met-8\"><h6><strong>Visningskveld for ungdom<\/strong><\/h6>\n<p>Profesjonelle skuespillere har forberedt seg for \u00e5 vise frem teater de mener passer for ungdom.<\/p>\n<p>N\u00e5 trenger vi deg som er mellom 13 og 16 til \u00e5 komme og se om det de gj\u00f8r er bra! Du er kveldens regiss\u00f8r og f\u00e5r lov til \u00e5 si akkurat det du synes var bra og det som kunne v\u00e6rt bedre.<\/p>\n<p>Vi gleder oss til \u00e5 se deg kl 18, p\u00e5 Vega!<\/p><\/div><\/div><div class=\"x-cell e533-e9 met-a\"><span class=\"x-image e533-e10 met-b\"><img decoding=\"async\" src=\"https:\/\/osloung.no\/2024\/wp-content\/uploads\/2024\/05\/IMG_4432.jpeg\" width=\"540\" height=\"540\" alt=\"Image\" loading=\"lazy\"><\/span><\/div><\/div><\/div><\/div><\/div><\/div><\/div>\n","protected":false},"excerpt":{"rendered":"<p>Tirsdag 28. mai kl. 18:00 &#8211; 19:30V\u00e6rs\u00e5godVisningskveld for ungdom Profesjonelle skuespillere har forberedt seg for \u00e5 vise frem teater de mener passer for ungdom. N\u00e5 trenger vi deg som er mellom 13 og 16 til \u00e5 komme og se om det de gj\u00f8r er bra! Du er kveldens regiss\u00f8r og f\u00e5r lov til \u00e5 si akkurat det du synes var &#8230; <a href=\"https:\/\/osloung.no\/2024\/varsagod\/\" class=\"more-link\">Read More<\/a><\/p>\n","protected":false},"author":1,"featured_media":0,"parent":0,"menu_order":0,"comment_status":"closed","ping_status":"closed","template":"template-blank-4.php","meta":{"footnotes":""},"class_list":["post-533","page","type-page","status-publish","hentry","no-post-thumbnail"],"_links":{"self":[{"href":"https:\/\/osloung.no\/2024\/wp-json\/wp\/v2\/pages\/533","targetHints":{"allow":["GET"]}}],"collection":[{"href":"https:\/\/osloung.no\/2024\/wp-json\/wp\/v2\/pages"}],"about":[{"href":"https:\/\/osloung.no\/2024\/wp-json\/wp\/v2\/types\/page"}],"author":[{"embeddable":true,"href":"https:\/\/osloung.no\/2024\/wp-json\/wp\/v2\/users\/1"}],"replies":[{"embeddable":true,"href":"https:\/\/osloung.no\/2024\/wp-json\/wp\/v2\/comments?post=533"}],"version-history":[{"count":6,"href":"https:\/\/osloung.no\/2024\/wp-json\/wp\/v2\/pages\/533\/revisions"}],"predecessor-version":[{"id":541,"href":"https:\/\/osloung.no\/2024\/wp-json\/wp\/v2\/pages\/533\/revisions\/541"}],"wp:attachment":[{"href":"https:\/\/osloung.no\/2024\/wp-json\/wp\/v2\/media?parent=533"}],"curies":[{"name":"wp","href":"https:\/\/api.w.org\/{rel}","templated":true}]}}