{"id":176,"date":"2025-01-27T14:49:14","date_gmt":"2025-01-27T13:49:14","guid":{"rendered":"https:\/\/osloung.no\/ungdomssmia-2\/"},"modified":"2025-05-24T16:09:37","modified_gmt":"2025-05-24T14:09:37","slug":"ungdomssmia2","status":"publish","type":"page","link":"https:\/\/osloung.no\/2025\/ungdomssmia2\/","title":{"rendered":"Ungdomssmia (2)"},"content":{"rendered":"<div id=\"cs-content\" class=\"cs-content\"><div class=\"x-section e176-e1 m4w-0 m4w-1 m4w-2 m4w-3\"><div class=\"x-row x-container max width e176-e2 m4w-b m4w-c m4w-d m4w-e m4w-f m4w-j m4w-k\"><div class=\"x-row-inner\"><div class=\"x-col e176-e3 m4w-r\"><div class=\"x-text x-content e176-e4 m4w-s m4w-t m4w-u\"><h2><span style=\"color: #ffffff;\">Ungdomssmia (2)<\/span><\/h2><\/div><\/div><\/div><\/div><\/div><div class=\"x-section e176-e5 m4w-0 m4w-3 m4w-4 m4w-5\"><div class=\"x-row x-container max width e176-e6 m4w-b m4w-c m4w-d m4w-e m4w-f m4w-j m4w-l\"><div class=\"x-row-inner\"><div class=\"x-col e176-e7 m4w-r\"><div class=\"x-text x-content e176-e8 m4w-s m4w-t m4w-u\"><h5><span style=\"color: #ffffff;\">To forestillinger: Ungdomssmia (1) spiller f&oslash;rst<\/span><\/h5><\/div><\/div><\/div><\/div><\/div><div class=\"x-section e176-e9 m4w-0 m4w-2 m4w-6 m4w-7 m4w-8\"><div class=\"x-row e176-e10 m4w-c m4w-d m4w-g m4w-h m4w-m m4w-n\"><div class=\"x-row-inner\"><div class=\"x-col e176-e11 m4w-r\"><span class=\"x-image e176-e12 m4w-10\"><img decoding=\"async\" src=\"https:\/\/osloung.no\/2025\/wp-content\/uploads\/2025\/03\/IMG_8682-scaled.jpeg\" width=\"2560\" height=\"1920\" alt=\"Image\" loading=\"lazy\"><\/span><\/div><\/div><\/div><\/div><div class=\"x-section e176-e13 m4w-0 m4w-2 m4w-3 m4w-4\"><div class=\"x-row x-container max width e176-e14 m4w-b m4w-c m4w-d m4w-e m4w-f m4w-j m4w-o\"><div class=\"x-row-inner\"><div class=\"x-col e176-e15 m4w-r\"><div class=\"x-text x-content e176-e16 m4w-s m4w-t m4w-v\"><h3><span style=\"color: #ffffff;\"><em>Ten&aring;ringsalkymisten<\/em><\/span><\/h3><\/div><\/div><\/div><\/div><\/div><div class=\"x-section e176-e17 m4w-0 m4w-3 m4w-6 m4w-7 m4w-9\"><div class=\"x-row x-container max width e176-e18 m4w-b m4w-c m4w-f m4w-i m4w-j m4w-p\"><div class=\"x-row-inner\"><div class=\"x-col e176-e19 m4w-r\"><div class=\"x-text x-content e176-e20 m4w-s m4w-t m4w-v\"><p><span style=\"color: #666666;\"><strong>FREDAG 30. MAI KL. 20:00<\/strong><\/span><\/p><\/div><\/div><div class=\"x-col e176-e21 m4w-r\"><div class=\"x-text x-content e176-e22 m4w-s m4w-t m4w-v\"><strong><span style=\"color: #ff0000;\">NB: FORESTILLINGEN ER AVLYST<\/span><\/strong><\/div><\/div><\/div><\/div><\/div><div class=\"x-section e176-e23 m4w-0 m4w-3 m4w-6 m4w-9 m4w-a\"><div class=\"x-row e176-e24 m4w-b m4w-c m4w-d m4w-h m4w-m m4w-q\"><div class=\"x-row-inner\"><div class=\"x-col e176-e25 m4w-r\"><div class=\"x-grid x-container max width e176-e26 m4w-11\"><div class=\"x-cell e176-e27 m4w-12\"><div class=\"x-text x-content e176-e28 m4w-t m4w-v m4w-w m4w-x\"><p>N\u00e5r to unge jenter som lever med kreft m\u00f8tes p\u00e5 nettet i et chatterom, danner de et usedvanlig b\u00e5nd, men er de modige nok til \u00e5 gripe dagen og m\u00f8tes i det virkelige liv?<\/p>\n<p>Xanthe og Johanne har dr\u00f8mmer. De har ting de \u00f8nsker \u00e5 oppn\u00e5. Enten om det er \u00e5 finne en eliksir for \u00e5 forlenge livet eller \u00e5 bli ber\u00f8mt. De m\u00f8tes p\u00e5 et chatrom for kreftsyk ungdom, hvor begge m\u00f8ter utfordringene ved \u00e5 ha kreft p\u00e5 hver sin m\u00e5te. Klarer de \u00e5 oppn\u00e5 det de \u00f8nsker?<\/p><\/div><\/div><div class=\"x-cell e176-e29 m4w-12\"><a class=\"x-anchor x-anchor-button has-graphic e176-e30 m4w-13\" tabindex=\"0\" href=\"#\" target=\"_blank\" rel=\"noopener noreferrer\"><div class=\"x-anchor-content\"><span class=\"x-graphic\" aria-hidden=\"true\"><i class=\"x-icon x-graphic-child x-graphic-icon x-graphic-primary\" aria-hidden=\"true\" data-x-icon-s=\"&#xf3ff;\"><\/i><\/span><div class=\"x-anchor-text\"><span class=\"x-anchor-text-primary\">FREDAG 30. MAI<\/span><\/div><\/div><\/a><div class=\"x-text x-content e176-e31 m4w-t m4w-w m4w-y m4w-z\"><p><b>40 minutter<br \/>12 &aring;r+<\/b><\/p><\/div><div class=\"x-text x-content e176-e32 m4w-t m4w-w m4w-x m4w-z\"><p><strong>Regi<\/strong><\/p><\/div><div class=\"x-text x-content e176-e33 m4w-t m4w-v m4w-w m4w-y\"><p>Anette Finnanger<\/p><\/div><div class=\"x-text x-content e176-e34 m4w-t m4w-w m4w-x m4w-z\"><p><strong>Manus<\/strong><\/p><\/div><div class=\"x-text x-content e176-e35 m4w-t m4w-v m4w-w m4w-y\"><p>Angela Betzien<\/p><\/div><div class=\"x-text x-content e176-e36 m4w-t m4w-w m4w-x m4w-z\"><p><strong>Kostymer<\/strong><\/p><\/div><div class=\"x-text x-content e176-e37 m4w-t m4w-v m4w-w m4w-y\"><p>Ungdommene og foresatte<\/p><\/div><div class=\"x-text x-content e176-e38 m4w-t m4w-w m4w-x m4w-z\"><p><strong>Skuespillere<\/strong><\/p><\/div><div class=\"x-text x-content e176-e39 m4w-t m4w-v m4w-w m4w-y\"><div><span style=\"color: #080809; font-family: system-ui, -apple-system, system-ui, .SFNSText-Regular, sans-serif;\">Xanthe: Maya Marie<\/span><\/div>\n<div><span style=\"color: #080809; font-family: system-ui, -apple-system, system-ui, .SFNSText-Regular, sans-serif;\">Johanne: Kathrine<\/span><\/div>\n<div><span style=\"color: #080809;\">Far og Lege: Elvira-Leona<\/span><\/div>\n<div><span style=\"color: #080809;\">Venninne og Lege: Thea Celine<\/span><\/div><\/div><\/div><\/div><\/div><\/div><\/div><\/div><\/div>\n","protected":false},"excerpt":{"rendered":"<p>Ungdomssmia (2)To forestillinger: Ungdomssmia (1) spiller f&oslash;rstTen&aring;ringsalkymistenFREDAG 30. MAI KL. 20:00NB: FORESTILLINGEN ER AVLYSTN\u00e5r to unge jenter som lever med kreft m\u00f8tes p\u00e5 nettet i et chatterom, danner de et usedvanlig b\u00e5nd, men er de modige nok til \u00e5 gripe dagen og m\u00f8tes i det virkelige liv? Xanthe og Johanne har dr\u00f8mmer. De har ting de \u00f8nsker \u00e5 oppn\u00e5. Enten &#8230; <a href=\"https:\/\/osloung.no\/2025\/ungdomssmia2\/\" class=\"more-link\">Read More<\/a><\/p>\n","protected":false},"author":1,"featured_media":0,"parent":0,"menu_order":0,"comment_status":"closed","ping_status":"closed","template":"template-blank-4.php","meta":{"footnotes":""},"class_list":["post-176","page","type-page","status-publish","hentry","no-post-thumbnail"],"_links":{"self":[{"href":"https:\/\/osloung.no\/2025\/wp-json\/wp\/v2\/pages\/176","targetHints":{"allow":["GET"]}}],"collection":[{"href":"https:\/\/osloung.no\/2025\/wp-json\/wp\/v2\/pages"}],"about":[{"href":"https:\/\/osloung.no\/2025\/wp-json\/wp\/v2\/types\/page"}],"author":[{"embeddable":true,"href":"https:\/\/osloung.no\/2025\/wp-json\/wp\/v2\/users\/1"}],"replies":[{"embeddable":true,"href":"https:\/\/osloung.no\/2025\/wp-json\/wp\/v2\/comments?post=176"}],"version-history":[{"count":20,"href":"https:\/\/osloung.no\/2025\/wp-json\/wp\/v2\/pages\/176\/revisions"}],"predecessor-version":[{"id":600,"href":"https:\/\/osloung.no\/2025\/wp-json\/wp\/v2\/pages\/176\/revisions\/600"}],"wp:attachment":[{"href":"https:\/\/osloung.no\/2025\/wp-json\/wp\/v2\/media?parent=176"}],"curies":[{"name":"wp","href":"https:\/\/api.w.org\/{rel}","templated":true}]}}