{"id":202,"date":"2025-01-27T15:02:21","date_gmt":"2025-01-27T14:02:21","guid":{"rendered":"https:\/\/osloung.no\/watt-2\/"},"modified":"2025-05-13T13:15:35","modified_gmt":"2025-05-13T11:15:35","slug":"sterkstrommen","status":"publish","type":"page","link":"https:\/\/osloung.no\/2025\/sterkstrommen\/","title":{"rendered":"Sterkstr\u00f8mmen"},"content":{"rendered":"<div id=\"cs-content\" class=\"cs-content\"><div class=\"x-section e202-e1 m5m-0 m5m-1 m5m-2 m5m-3\"><div class=\"x-row x-container max width e202-e2 m5m-b m5m-c m5m-d m5m-e m5m-f m5m-j m5m-k\"><div class=\"x-row-inner\"><div class=\"x-col e202-e3 m5m-r\"><div class=\"x-text x-content e202-e4 m5m-s m5m-t m5m-u\"><h2><span style=\"color: #ffffff;\">Sterkstr&oslash;mmen<\/span><\/h2><\/div><\/div><\/div><\/div><\/div><div class=\"x-section e202-e5 m5m-0 m5m-3 m5m-4 m5m-5\"><div class=\"x-row x-container max width e202-e6 m5m-b m5m-c m5m-d m5m-e m5m-f m5m-j m5m-l\"><div class=\"x-row-inner\"><div class=\"x-col e202-e7 m5m-r\"><div class=\"x-text x-content e202-e8 m5m-s m5m-t m5m-u\"><h5><span style=\"color: #ffffff;\">To forestillinger: Watt spiller f&oslash;r Sterkstr&oslash;mmen<\/span><\/h5><\/div><\/div><\/div><\/div><\/div><div class=\"x-section e202-e9 m5m-0 m5m-2 m5m-6 m5m-7 m5m-8\"><div class=\"x-row e202-e10 m5m-c m5m-d m5m-g m5m-h m5m-m m5m-n\"><div class=\"x-row-inner\"><div class=\"x-col e202-e11 m5m-r\"><span class=\"x-image e202-e12 m5m-10\"><img decoding=\"async\" src=\"https:\/\/osloung.no\/2025\/wp-content\/uploads\/2025\/03\/DSF2299.jpg\" width=\"2560\" height=\"1205\" alt=\"Image\" loading=\"lazy\"><\/span><\/div><\/div><\/div><\/div><div class=\"x-section e202-e13 m5m-0 m5m-2 m5m-3 m5m-4\"><div class=\"x-row x-container max width e202-e14 m5m-b m5m-c m5m-d m5m-e m5m-f m5m-j m5m-o\"><div class=\"x-row-inner\"><div class=\"x-col e202-e15 m5m-r\"><div class=\"x-text x-content e202-e16 m5m-s m5m-t m5m-v\"><h3><em><span style=\"color: #ffffff;\">Skotyven<\/span><\/em><\/h3><\/div><\/div><\/div><\/div><\/div><div class=\"x-section e202-e17 m5m-0 m5m-3 m5m-6 m5m-7 m5m-9\"><div class=\"x-row x-container max width e202-e18 m5m-b m5m-c m5m-f m5m-i m5m-j m5m-p\"><div class=\"x-row-inner\"><div class=\"x-col e202-e19 m5m-r\"><div class=\"x-text x-content e202-e20 m5m-s m5m-t m5m-v\"><p><span style=\"color: #666666;\"><strong>ONSDAG 28. MAI KL. 19:00<\/strong><\/span><\/p><\/div><\/div><div class=\"x-col e202-e21 m5m-r\"><div class=\"x-text x-content e202-e22 m5m-s m5m-t m5m-v\"><p><span style=\"color: #666666;\"><strong>TORSDAG 29. MAI KL. 19:00<\/strong><\/span><\/p><\/div><\/div><\/div><\/div><\/div><div class=\"x-section e202-e23 m5m-0 m5m-3 m5m-6 m5m-9 m5m-a\"><div class=\"x-row e202-e24 m5m-b m5m-c m5m-d m5m-h m5m-m m5m-q\"><div class=\"x-row-inner\"><div class=\"x-col e202-e25 m5m-r\"><div class=\"x-grid x-container max width e202-e26 m5m-11\"><div class=\"x-cell e202-e27 m5m-12\"><div class=\"x-text x-content e202-e28 m5m-t m5m-v m5m-w m5m-x\"><p>Velkommen til Skodal \u2013 en by full av sko \u2026 <br \/>\n\u2013 som ingen f\u00e5r bruke!<\/p>\n<p>Borgermesteren Herr Snurp har tatt dem alle til seg selv, og n\u00e5 m\u00e5 innbyggerne klare seg med sokker, votter og sko som ikke passer. Men en mystisk skotyv og hans hjelpere bestemmer seg for \u00e5 gj\u00f8re noe med saken!<\/p>\n<p>Skotyven er en fantasifull fortelling om snublende skikkelser, h\u00f8yh\u00e6lte divaer, rytmiske fabrikkarbeidere og nysgjerrige nyhetsverter. Sammen unders\u00f8ker vi hva sko kan bety \u2013 og hva det egentlig vil si \u00e5 g\u00e5 i andres sko.<\/p><\/div><\/div><div class=\"x-cell e202-e29 m5m-12\"><a class=\"x-anchor x-anchor-button has-graphic e202-e30 m5m-13\" tabindex=\"0\" href=\"https:\/\/checkout.ebillett.no\/287\/events\/49940\/purchase?kanal=fw\" target=\"_blank\" rel=\"noopener noreferrer\"><div class=\"x-anchor-content\"><span class=\"x-graphic\" aria-hidden=\"true\"><i class=\"x-icon x-graphic-child x-graphic-icon x-graphic-primary\" aria-hidden=\"true\" data-x-icon-s=\"&#xf3ff;\"><\/i><\/span><div class=\"x-anchor-text\"><span class=\"x-anchor-text-primary\">ONSDAG 28. MAI<\/span><\/div><\/div><\/a><a class=\"x-anchor x-anchor-button has-graphic e202-e31 m5m-13\" tabindex=\"0\" href=\"https:\/\/checkout.ebillett.no\/287\/events\/49942\/purchase?kanal=fw\" target=\"_blank\" rel=\"noopener noreferrer\"><div class=\"x-anchor-content\"><span class=\"x-graphic\" aria-hidden=\"true\"><i class=\"x-icon x-graphic-child x-graphic-icon x-graphic-primary\" aria-hidden=\"true\" data-x-icon-s=\"&#xf3ff;\"><\/i><\/span><div class=\"x-anchor-text\"><span class=\"x-anchor-text-primary\">TORSDAG 29. MAI<\/span><\/div><\/div><\/a><div class=\"x-text x-content e202-e32 m5m-t m5m-w m5m-y m5m-z\"><p><b>30 minutter<br \/>Familieforestilling<\/b><\/p><\/div><div class=\"x-text x-content e202-e33 m5m-t m5m-w m5m-x m5m-z\"><p><strong>Regi<\/strong><\/p><\/div><div class=\"x-text x-content e202-e34 m5m-t m5m-v m5m-w m5m-y\"><p><strong>Clara M&oslash;lsted-Yl&ouml;nen<\/strong><\/p><\/div><div class=\"x-text x-content e202-e35 m5m-t m5m-w m5m-x m5m-z\"><p><strong>Manus<\/strong><\/p><\/div><div class=\"x-text x-content e202-e36 m5m-t m5m-v m5m-w m5m-y\"><p><strong>Manus er arbeidet frem av Clara og Sterkstr&oslash;mmen.<\/strong><\/p><\/div><div class=\"x-text x-content e202-e37 m5m-t m5m-w m5m-x m5m-z\"><p><strong>Skuespillere<\/strong><\/p><\/div><div class=\"x-text x-content e202-e38 m5m-t m5m-v m5m-w m5m-y\"><p><strong>Agnes<\/strong><br \/><strong>Bj&oslash;ro<\/strong><br \/><strong>Edith<\/strong><br \/><strong>Ellie<\/strong><br \/><strong>Frida<\/strong><br \/><strong>Inga<\/strong><br \/><strong>Ingeborg<\/strong><br \/><strong>Isaac<\/strong><br \/><strong>Maria<\/strong><br \/><strong>Nordvald<\/strong><br \/><strong>Ole<\/strong><br \/><strong>Samuel<\/strong><br \/><strong>Waldemar<\/strong><\/p><\/div><\/div><\/div><\/div><\/div><\/div><\/div><\/div>\n","protected":false},"excerpt":{"rendered":"<p>Sterkstr&oslash;mmenTo forestillinger: Watt spiller f&oslash;r Sterkstr&oslash;mmenSkotyvenONSDAG 28. MAI KL. 19:00TORSDAG 29. MAI KL. 19:00Velkommen til Skodal \u2013 en by full av sko \u2026 \u2013 som ingen f\u00e5r bruke! Borgermesteren Herr Snurp har tatt dem alle til seg selv, og n\u00e5 m\u00e5 innbyggerne klare seg med sokker, votter og sko som ikke passer. Men en mystisk skotyv og hans hjelpere bestemmer &#8230; <a href=\"https:\/\/osloung.no\/2025\/sterkstrommen\/\" class=\"more-link\">Read More<\/a><\/p>\n","protected":false},"author":1,"featured_media":0,"parent":0,"menu_order":0,"comment_status":"closed","ping_status":"closed","template":"template-blank-4.php","meta":{"footnotes":""},"class_list":["post-202","page","type-page","status-publish","hentry","no-post-thumbnail"],"_links":{"self":[{"href":"https:\/\/osloung.no\/2025\/wp-json\/wp\/v2\/pages\/202","targetHints":{"allow":["GET"]}}],"collection":[{"href":"https:\/\/osloung.no\/2025\/wp-json\/wp\/v2\/pages"}],"about":[{"href":"https:\/\/osloung.no\/2025\/wp-json\/wp\/v2\/types\/page"}],"author":[{"embeddable":true,"href":"https:\/\/osloung.no\/2025\/wp-json\/wp\/v2\/users\/1"}],"replies":[{"embeddable":true,"href":"https:\/\/osloung.no\/2025\/wp-json\/wp\/v2\/comments?post=202"}],"version-history":[{"count":13,"href":"https:\/\/osloung.no\/2025\/wp-json\/wp\/v2\/pages\/202\/revisions"}],"predecessor-version":[{"id":590,"href":"https:\/\/osloung.no\/2025\/wp-json\/wp\/v2\/pages\/202\/revisions\/590"}],"wp:attachment":[{"href":"https:\/\/osloung.no\/2025\/wp-json\/wp\/v2\/media?parent=202"}],"curies":[{"name":"wp","href":"https:\/\/api.w.org\/{rel}","templated":true}]}}